{"id":12,"date":"2017-03-30T17:37:37","date_gmt":"2017-03-30T17:37:37","guid":{"rendered":"http:\/\/volver360.com.br\/2017\/?page_id=12"},"modified":"2017-03-30T20:16:18","modified_gmt":"2017-03-30T20:16:18","slug":"home","status":"publish","type":"page","link":"http:\/\/volver360.com.br\/2017\/","title":{"rendered":"Home"},"content":{"rendered":"\n\t\t<!-- MasterSlider -->\n\t\t<div id=\"P_MS69e1496b913ad\" class=\"master-slider-parent tj-ms-gallery   ms-parent-id-2\"  >\n\n\t\t\t\n\t\t\t<!-- MasterSlider Main -->\n\t\t\t<div id=\"MS69e1496b913ad\" class=\"master-slider ms-skin-black-1\" >\n\t\t\t\t \t\t\t\t \n\n\t\t\t<div  class=\"ms-slide toranj-slide-caption\" data-delay=\"7\" data-fill-mode=\"fill\"   >\n\t\t\t\t\t<img decoding=\"async\" src=\"http:\/\/volver360.com.br\/2017\/wp-content\/plugins\/masterslider\/public\/assets\/css\/blank.gif\" alt=\"\" title=\"\" data-src=\"http:\/\/volver360.com.br\/2017\/wp-content\/uploads\/2017\/03\/grafica.jpg\" \/>\n\n\t\t\t\t\t<div  class=\"ms-layer\" style=\"\"   data-effect=\"t(true,-150,n,n,n,n,n,n,n,n,n,n,n,n,n)\"   data-ease=\"easeOutQuint\"                data-offset-x=\"0\" data-offset-y=\"0\" data-origin=\"tl\" data-position=\"normal\"  >\n<div class=\"caption cap-bordered cap-bottom cap-left\"><h2 class=\"cap-title\">Gr\u00e1fica<\/h2><div class=\"cap-des\"><p>Acabamentos especiais,<br \/>Papelaria, Folders, Flyers,<br \/>Revistas, R\u00f3tulos, Card\u00e1pios,<br \/>Livros, Adesivos, Banners...<br \/><br \/><\/p><\/div><\/div><\/div>\n\n\n\t\t\t\t<\/div>\n\t\t\t<div  class=\"ms-slide toranj-slide-caption\" data-delay=\"7\" data-fill-mode=\"fill\"   >\n\t\t\t\t\t<img decoding=\"async\" src=\"http:\/\/volver360.com.br\/2017\/wp-content\/plugins\/masterslider\/public\/assets\/css\/blank.gif\" alt=\"\" title=\"\" data-src=\"http:\/\/volver360.com.br\/2017\/wp-content\/uploads\/2017\/03\/hospeda-1.jpg\" \/>\n\n\t\t\t\t\t<div  class=\"ms-layer\" style=\"\"   data-effect=\"t(true,-150,n,n,n,n,n,n,n,n,n,n,n,n,n)\"   data-ease=\"easeOutQuint\"                data-offset-x=\"0\" data-offset-y=\"0\" data-origin=\"tl\" data-position=\"normal\"  >\n<div class=\"caption cap-bordered cap-bottom cap-left\"><h2 class=\"cap-title\">Hospedagem<\/h2><div class=\"cap-des\"><p>Servidor dedicado com:<br \/> Seguran\u00e7a, Suporte Total,<br \/>Estat\u00edsticas, E-mails, AdWords...<\/p><\/div><\/div><\/div>\n\n\n\t\t\t\t<\/div>\n\t\t\t<div  class=\"ms-slide toranj-slide-caption\" data-delay=\"7\" data-fill-mode=\"fill\"   >\n\t\t\t\t\t<img decoding=\"async\" src=\"http:\/\/volver360.com.br\/2017\/wp-content\/plugins\/masterslider\/public\/assets\/css\/blank.gif\" alt=\"\" title=\"\" data-src=\"http:\/\/volver360.com.br\/2017\/wp-content\/uploads\/2017\/03\/DESIGN-2.jpg\" \/>\n\n\t\t\t\t\t<div  class=\"ms-layer\" style=\"\"   data-effect=\"t(true,-150,n,n,n,n,n,n,n,n,n,n,n,n,n)\"   data-ease=\"easeOutQuint\"                data-offset-x=\"0\" data-offset-y=\"0\" data-origin=\"tl\" data-position=\"normal\"  >\n<div class=\"caption cap-bordered cap-bottom cap-left\"><h2 class=\"cap-title\">Design\u00a0Digital<\/h2><div class=\"cap-des\"><p><em>Web e Gr\u00e1fico<\/em><br \/>Cria\u00e7\u00e3o, Diagrama\u00e7\u00e3o,<br \/>Editorial, Publicidade,<br \/>Logotipos, Sites, Card\u00e1pios<br \/>edit\u00e1veis, Sistemas...<\/p><\/div><\/div><\/div>\n\n\n\t\t\t\t<\/div>\n\t\t\t<div  class=\"ms-slide toranj-slide-caption\" data-delay=\"7\" data-fill-mode=\"fill\"   >\n\t\t\t\t\t<img decoding=\"async\" src=\"http:\/\/volver360.com.br\/2017\/wp-content\/plugins\/masterslider\/public\/assets\/css\/blank.gif\" alt=\"\" title=\"\" data-src=\"http:\/\/volver360.com.br\/2017\/wp-content\/uploads\/2017\/03\/fooooo.jpg\" \/>\n\n\t\t\t\t\t<div  class=\"ms-layer\" style=\"\"   data-effect=\"t(true,-150,n,n,n,n,n,n,n,n,n,n,n,n,n)\"   data-ease=\"easeOutQuint\"                data-offset-x=\"0\" data-offset-y=\"0\" data-origin=\"tl\" data-position=\"normal\"  >\n<div class=\"caption cap-bordered cap-bottom cap-left\"><h2 class=\"cap-title\">Fotografia<\/h2><div class=\"cap-des\"><p>Still, Comida, J\u00f3ias,<br \/>Ambientes internos,<br \/>Panor\u00e2micas imersivas,<br \/>Tratamento de imagens...<\/p><\/div><\/div><\/div>\n\n\n\t\t\t\t<\/div>\n\n\t\t\t<\/div>\n\t\t\t<!-- END MasterSlider Main -->\n\n\t\t\t \n\t\t<\/div>\n\t\t<!-- END MasterSlider -->\n\n\t\t<script>\n\t\t( window.MSReady = window.MSReady || [] ).push( function( $ ) {\n\n\t\t\t\"use strict\";\n\t\t\tvar masterslider_13ad = new MasterSlider();\n\n\t\t\t\/\/ slider controls\n\t\t\t\/\/ slider setup\n\t\t\tmasterslider_13ad.setup(\"MS69e1496b913ad\", {\n\t\t\t\twidth           : 1200,\n\t\t\t\theight          : 924,\n\t\t\t\tminHeight       : 0,\n\t\t\t\tspace           : 2,\n\t\t\t\tstart           : 1,\n\t\t\t\tgrabCursor      : true,\n\t\t\t\tswipe           : true,\n\t\t\t\tmouse           : true,\n\t\t\t\tkeyboard        : false,\n\t\t\t\tlayout          : \"fullscreen\",\n\t\t\t\twheel           : false,\n\t\t\t\tautoplay        : true,\n\t\t\t\tinstantStartLayers:false,\n\t\t\t\tloop            : true,\n\t\t\t\tshuffle         : false,\n\t\t\t\tpreload         : 2,\n\t\t\t\theightLimit     : true,\n\t\t\t\tautoHeight      : false,\n\t\t\t\tsmoothHeight    : true,\n\t\t\t\tendPause        : false,\n\t\t\t\toverPause       : false,\n\t\t\t\tfillMode        : \"fill\",\n\t\t\t\tcenterControls  : true,\n\t\t\t\tstartOnAppear   : false,\n\t\t\t\tlayersMode      : \"center\",\n\t\t\t\tautofillTarget  : \"\",\n\t\t\t\thideLayers      : false,\n\t\t\t\tfullscreenMargin: 0,\n\t\t\t\tspeed           : 20,\n\t\t\t\tdir             : \"h\",\n\t\t\t\tparallaxMode    : 'swipe',\n\t\t\t\tview            : \"fadeFlow\"\n\t\t\t});\n\n\t\t\tmasterslider_13ad.api.addEventListener(MSSliderEvent.CHANGE_START, function(event){\n  var api = event.target;\n  var msSlider={\n\n\t\t\t\/\/This is the function that controlls all masterslider instances or atleast it tries to do!\n\t\t\tinit:function(api){\n\t\t\t\tvar self=this;\n\t\t\t\tvar $elem=api.slider.$element;\n\n\t\t\t\tif (window.inited==1){\n\t\t\t\t\t$elem.find('.counter-current').html(''+(api.index()+1)+'');\n\t\t\t\t}else{\n\t\t\t\t\twindow.inited=1;\n\n\t\t\t\t\tvar parentElem=$elem.parent('.master-slider-parent');\n\t\t\t\t\t\/\/Some basic settings\n\t\t\t\t\tvar msOptions={\n\t\t\t\t\t\tshowCounter:parentElem.hasClass('show-counter') || false,\n\t\t\t\t\t\thasPlay:parentElem.hasClass('show-playbtn') || false\n\t\t\t\t\t}\n\n\t\t\t\t\tself.runSlider(api,$elem,msOptions);\n\t\t\t\t}\t\n              \t\n\t\t\t},\n\t\t\trunSlider:function(api,$elem,options){\n\n\t\t\t\tvar self=this;\n\t\t\t    \n\t\t    \tvar $controlsWrapper=$elem.find('.ms-container'),\n\t\t    \t\t$controlUI=$('<div class=\"tj-controlls tj-controlls-'+api.so.dir+'mode\"><\/div>').appendTo($controlsWrapper);\n\n\t\t    \t\/\/Play pause button\n\t\t    \t if (options.hasPlay){\n\t\t\t    \tvar playBtn=$('<div><\/div>').addClass('tj-playbtn').appendTo($controlUI);\n\t\t\t    \tself.addPlay(playBtn);\n\t\t\t    \t\n\t\t\t    }\n\n\t\t    \t\/\/Next & Prev buttons\n\t\t    \t$controlUI.append($controlsWrapper.find('.ms-nav-prev'));\n\t\t    \t\/\/First one is prev and last next add anything in betwen(eg.counter)\n\n\t\t\t    if (options.showCounter){\n\t    \t\t\tvar counterMarkup='<div class=\"tj-ms-counter\">'+\n\t\t    \t\t\t\t\t\t'<span class=\"counter-current\">'+(api.index()+1)+'<\/span>'+\n\t\t    \t\t\t\t\t\t'<span class=\"counter-divider\">\/<\/span>'+\n\t\t    \t\t\t\t\t\t'<span class=\"counter-total\">'+api.count()+'<\/span>'+\n\t    \t\t\t\t\t\t  '<\/div>';\n\t    \t\t\tvar $counterMarkup=$(counterMarkup).appendTo($controlUI),\n\t    \t\t\t\t$current=$counterMarkup.find('.counter-current'); \n\t\t\t    \t$current.html(''+(api.index()+1)+'');\n\t\t\t    }\n\n\t\t\t   \n\n\t\t    \t$controlUI.append($controlsWrapper.find('.ms-nav-next'));\n\n\n\n\n\t\t\t},\n\t\t\taddPlay:function(playbtn){\n\t\t\t    playbtn.click(function(){\n\t\t\t\t\tif(api.paused){\n\t\t\t\t\t\t api.resume();\n\t\t\t\t\t\t playbtn.addClass('btn-pause');\n\t\t\t\t\t}else{\n\t\t\t\t\t\t api.pause();\n\t\t\t\t\t\t playbtn.removeClass('btn-pause');\n\t\t\t\t\t}\n\t\t\t\t});\n\t\t\t}\n\t\t}\n\n  msSlider.init(api);\n}\n\n );\n\n\t\t\twindow.masterslider_instances = window.masterslider_instances || [];\n\t\t\twindow.masterslider_instances.push( masterslider_13ad );\n\t\t});\n\t\t<\/script>\n\n\n","protected":false},"excerpt":{"rendered":"Gr\u00e1ficaAcabamentos especiais,Papelaria, Folders, Flyers,Revistas, R\u00f3tulos, Card\u00e1pios,Livros, Adesivos, Banners... HospedagemServidor dedicado com: Seguran\u00e7a, Suporte Total,Estat\u00edsticas, E-mails, AdWords... Design\u00a0DigitalWeb e Gr\u00e1ficoCria\u00e7\u00e3o, Diagrama\u00e7\u00e3o,Editorial, Publicidade,Logotipos, Sites, Card\u00e1piosedit\u00e1veis, Sistemas... FotografiaStill, Comida, J\u00f3ias,Ambientes internos,Panor\u00e2micas imersivas,Tratamento de imagens... ( window.MSReady = window.MSReady || [] ).push( function( $ ) { \"use strict\"; var masterslider_24bc = new MasterSlider(); \/\/ slider controls \/\/ slider setup [...]","protected":false},"author":1,"featured_media":0,"parent":0,"menu_order":0,"comment_status":"closed","ping_status":"closed","template":"template-dark-full.php","meta":{"footnotes":""},"class_list":["post-12","page","type-page","status-publish","hentry"],"_links":{"self":[{"href":"http:\/\/volver360.com.br\/2017\/wp-json\/wp\/v2\/pages\/12","targetHints":{"allow":["GET"]}}],"collection":[{"href":"http:\/\/volver360.com.br\/2017\/wp-json\/wp\/v2\/pages"}],"about":[{"href":"http:\/\/volver360.com.br\/2017\/wp-json\/wp\/v2\/types\/page"}],"author":[{"embeddable":true,"href":"http:\/\/volver360.com.br\/2017\/wp-json\/wp\/v2\/users\/1"}],"replies":[{"embeddable":true,"href":"http:\/\/volver360.com.br\/2017\/wp-json\/wp\/v2\/comments?post=12"}],"version-history":[{"count":5,"href":"http:\/\/volver360.com.br\/2017\/wp-json\/wp\/v2\/pages\/12\/revisions"}],"predecessor-version":[{"id":32,"href":"http:\/\/volver360.com.br\/2017\/wp-json\/wp\/v2\/pages\/12\/revisions\/32"}],"wp:attachment":[{"href":"http:\/\/volver360.com.br\/2017\/wp-json\/wp\/v2\/media?parent=12"}],"curies":[{"name":"wp","href":"https:\/\/api.w.org\/{rel}","templated":true}]}}